{"id":1210,"date":"2021-04-10T11:39:09","date_gmt":"2021-04-10T09:39:09","guid":{"rendered":"https:\/\/www.petri-johannis-freiberg.de\/?page_id=1210"},"modified":"2025-10-20T19:15:00","modified_gmt":"2025-10-20T17:15:00","slug":"evangelischer-kindergarten-petri-nikolai","status":"publish","type":"page","link":"https:\/\/www.petri-johannis-freiberg.de\/?page_id=1210","title":{"rendered":"Evangelischer Kindergarten Petri-Nikolai"},"content":{"rendered":"\n<p class=\"has-text-align-center\"><strong>Aktuelle Information gibt\u2018s jetzt auch auf<\/strong> <a href=\"https:\/\/www.instagram.com\/kindergarten_petrinikolai?igsh=MXRoZW1mcThqaW45\" target=\"_blank\" rel=\"noreferrer noopener\">Instagram\u2026<\/a><\/p>\n\n\n\n<p class=\"has-text-align-center\"><strong><mark style=\"background-color:rgba(0, 0, 0, 0)\" class=\"has-inline-color has-nv-c-2-color\">Wir haben freie Pl\u00e4tze!<\/mark><\/strong> (<a href=\"https:\/\/www.petri-johannis-freiberg.de\/?page_id=51\" data-type=\"page\" data-id=\"51\">hier<\/a> melden)<\/p>\n\n\n\n<p>In unserem Kindergarten k\u00f6nnen in 6 Gruppen insgesamt 86 Kinder \u2013 davon 12 bereits ab 2 Jahren \u2013 bis zum Schuleintritt Kind sein: spielen, entdecken, forschen, lernen, sich entfalten und an Projekten, Angeboten, H\u00f6hepunkten und Festen teilnehmen.<br>&#x1f449; Schauen Sie sich gern unseren <a href=\"https:\/\/youtu.be\/9glun6JdzA8\">Kurzfilm <\/a>\u00fcber die Einrichtung an.<\/p>\n\n\n\n\n\n\n<div class=\"wp-block-image is-resized\">\n<figure class=\"alignright size-full\"><img loading=\"lazy\" decoding=\"async\" width=\"253\" height=\"359\" src=\"https:\/\/www.petri-johannis-freiberg.de\/wp-content\/uploads\/Foto_Froebe-1.jpg\" alt=\"\" class=\"wp-image-6806\" srcset=\"https:\/\/www.petri-johannis-freiberg.de\/wp-content\/uploads\/Foto_Froebe-1.jpg 253w, https:\/\/www.petri-johannis-freiberg.de\/wp-content\/uploads\/Foto_Froebe-1-211x300.jpg 211w\" sizes=\"auto, (max-width: 253px) 100vw, 253px\" \/><figcaption class=\"wp-element-caption\"><a href=\"http:\/\/johannis-freiberg.de\/?page_id=51\">Leiterin Doreen Fr\u00f6be<\/a><\/figcaption><\/figure><\/div>\n\n\n<p><\/p>\n\n\n\n<p>Ihr Kind wird bei uns kreativ und musisch begleitet \u2013 von 13 p\u00e4dagogischen Mitarbeiterinnen mit zus\u00e4tzlichen religionsp\u00e4dagogischen und teilweise heilp\u00e4dagogischen Qualifikationen. So k\u00f6nnen wir auch Pl\u00e4tze zur Integration von Kindern mit erh\u00f6htem F\u00f6rderbedarf anbieten.<\/p>\n\n\n\n<p>Die Zusammenarbeit mit den Eltern ist uns besonders wichtig. Durch Gespr\u00e4che, Elternnachmittage und -abende, den Elternvertreterkreis sowie viele gemeinsame Aktionen und Veranstaltungen erhalten Familien umfassende Einblicke in den Kindergartenalltag.<\/p>\n\n\n\n<p>Als Teil der Stadt Freiberg stehen wir in engem Austausch mit allen f\u00fcr unsere Kinder verantwortlichen Partnern wie zum Beispiel \u00c4mtern, Schulen, Fachberatung und der Kirchgemeinde.<\/p>\n\n\n\n<p><strong>Kinder sind ein besonderes Geschenk! <\/strong>Wir d\u00fcrfen sie in einem wichtigen Lebensabschnitt begleiten \u2013 und diese Verantwortung tragen und mit Ihnen teilen.<\/p>\n","protected":false},"excerpt":{"rendered":"<p>Aktuelle Information gibt\u2018s jetzt auch auf Instagram\u2026 Wir haben freie Pl\u00e4tze! (hier melden) In unserem Kindergarten k\u00f6nnen in 6 Gruppen insgesamt 86 Kinder \u2013 davon 12 bereits ab 2 Jahren \u2013 bis zum Schuleintritt Kind sein: spielen, entdecken, forschen, lernen, sich entfalten und an Projekten, Angeboten, H\u00f6hepunkten und Festen teilnehmen.&#x1f449; Schauen Sie sich gern unseren&hellip;&nbsp;<a href=\"https:\/\/www.petri-johannis-freiberg.de\/?page_id=1210\" class=\"\" rel=\"bookmark\">Weiterlesen &raquo;<span class=\"screen-reader-text\">Evangelischer Kindergarten Petri-Nikolai<\/span><\/a><\/p>\n","protected":false},"author":9,"featured_media":0,"parent":0,"menu_order":0,"comment_status":"closed","ping_status":"closed","template":"","meta":{"neve_meta_sidebar":"full-width","neve_meta_container":"","neve_meta_enable_content_width":"on","neve_meta_content_width":100,"neve_meta_title_alignment":"","neve_meta_author_avatar":"","neve_post_elements_order":"","neve_meta_disable_header":"","neve_meta_disable_footer":"","neve_meta_disable_title":"","footnotes":""},"class_list":["post-1210","page","type-page","status-publish","hentry"],"_links":{"self":[{"href":"https:\/\/www.petri-johannis-freiberg.de\/index.php?rest_route=\/wp\/v2\/pages\/1210","targetHints":{"allow":["GET"]}}],"collection":[{"href":"https:\/\/www.petri-johannis-freiberg.de\/index.php?rest_route=\/wp\/v2\/pages"}],"about":[{"href":"https:\/\/www.petri-johannis-freiberg.de\/index.php?rest_route=\/wp\/v2\/types\/page"}],"author":[{"embeddable":true,"href":"https:\/\/www.petri-johannis-freiberg.de\/index.php?rest_route=\/wp\/v2\/users\/9"}],"replies":[{"embeddable":true,"href":"https:\/\/www.petri-johannis-freiberg.de\/index.php?rest_route=%2Fwp%2Fv2%2Fcomments&post=1210"}],"version-history":[{"count":7,"href":"https:\/\/www.petri-johannis-freiberg.de\/index.php?rest_route=\/wp\/v2\/pages\/1210\/revisions"}],"predecessor-version":[{"id":6867,"href":"https:\/\/www.petri-johannis-freiberg.de\/index.php?rest_route=\/wp\/v2\/pages\/1210\/revisions\/6867"}],"wp:attachment":[{"href":"https:\/\/www.petri-johannis-freiberg.de\/index.php?rest_route=%2Fwp%2Fv2%2Fmedia&parent=1210"}],"curies":[{"name":"wp","href":"https:\/\/api.w.org\/{rel}","templated":true}]}}