{"id":1213,"date":"2021-04-10T11:39:36","date_gmt":"2021-04-10T09:39:36","guid":{"rendered":"https:\/\/www.petri-johannis-freiberg.de\/?page_id=1213"},"modified":"2024-08-18T18:43:02","modified_gmt":"2024-08-18T16:43:02","slug":"evangelischer-kindergarten-st-johannis","status":"publish","type":"page","link":"https:\/\/www.petri-johannis-freiberg.de\/?page_id=1213","title":{"rendered":"Evangelischer Kindergarten St. Johannis"},"content":{"rendered":"\n<p> Bei uns sind alle Kinder Willkommen&nbsp;\u2013 unabh\u00e4ngig von Herkunft und Religion. Sie sollen bei uns einen Raum zum Spielen, Lernen, Entdecken und Forschen finden. Wir nehmen jedes Kind mit seinen eigenen St\u00e4rken und Schw\u00e4chen an und zeigen ihm, dass es gew\u00fcnscht, wertvoll und wunderbar gemacht ist. Gemeinsam mit den Kindern m\u00f6chten wir christliche Grundwerte erfahren und leben.<br>Im Mittelpunkt steht bei uns die individuelle Arbeit mit den Kindern. Ausgehend von den St\u00e4rken ist es uns wichtig, die Kinder ganzheitlich in ihrer Entwicklung zu unterst\u00fctzen, damit sie selbstst\u00e4ndig und selbstbewusst ihren Weg weiter gehen k\u00f6nnen.<\/p>\n\n\n\n<p>In unserem Kindergarten arbeiten wir mit festen Gruppen. Insgesamt 37 Kinder werden in zwei altersgemischten Gruppen f\u00fcr Kinder von 3 bis 7 Jahren und unsere J\u00fcngsten in einer kleinen Gruppe (max. 7 Kinder) von 2-3 Jahren betreut. 7 ausgebildeten Erzieherinnen k\u00fcmmern sich liebevoll um sie.<\/p>\n\n\n\n\n\n\n\n<p><\/p>\n\n\n\n<p>Feste Gruppenerzieherinnen und -strukturen sind uns wichtig, bilden den Rahmen unserer Arbeit und geben den Kindern Sicherheit. Dar\u00fcber hinaus gibt es aber vielf\u00e4ltige Ber\u00fchrungspunkte zwischen den Gruppen und gemeinsame Aktionen, auf die wir gro\u00dfen Wert legen. Dazu z\u00e4hlen z.B. der regelm\u00e4\u00dfige Turnhallenbesuch oder das w\u00f6chentliche Treffen der Schlaum\u00e4use, Schlauf\u00fcchse und Schlaub\u00e4ren (Schulanf\u00e4nger) in altershomogenen Gruppen.<\/p>\n\n\n\n<p>Auf Grund der geringen Gr\u00f6\u00dfe unserer Einrichtung und der Schwerpunkte unserer Arbeit, ist die Atmosph\u00e4re bei uns sehr famili\u00e4r. Wie in einer gro\u00dfen Familie sind wir nicht nur f\u00fcr die Kinder da, sondern wir haben auch ein offenes Ohr f\u00fcr die Probleme und Anliegen der Eltern. Deshalb und besonders auch f\u00fcr die Kinder ist uns eine respekt- und vertrauensvolle Zusammenarbeit sehr wichtig. Sie sollen sich&nbsp;\u2013 genau wie ihre Kinder&nbsp;\u2013 bei uns wohl f\u00fchlen. Um dies zu erm\u00f6glichen, schaffen wir Raum f\u00fcr Gespr\u00e4che und gemeinsame Aktionen, wie z.B. Elternnachmittage oder gemeinsame Feste und Feiern. Elternabende und Elterngespr\u00e4che finden regelm\u00e4\u00dfig statt und erm\u00f6glichen den stetigen Austausch zwischen Erzieherinnen und Eltern.<\/p>\n\n\n\n<p>Eine Besonderheit unserer Einrichtung ist die naturnahe Gestaltung unseres Au\u00dfengel\u00e4ndes. Verschiedene Naturmaterialien laden zum Spielen und Klettern ein, wie z.B. unser Klettermikado aus Baumst\u00e4mmen. Str\u00e4ucher und unser Weideniglu bieten R\u00fcckzugsm\u00f6glichkeiten. Bei unserem Naschobst erleben die Kinder, wie Erdbeeren oder Johannisbeeren wachsen und sie k\u00f6nnen diese auch selber pfl\u00fccken und essen. Und unsere Matschecke mit Wasserpumpe erm\u00f6glicht vor allem im Sommer vielf\u00e4ltige Spielerfahrungen. Au\u00dferdem gehen wir regelm\u00e4\u00dfig in den Wald und genie\u00dfen da Gottes wundervolle Sch\u00f6pfung im Wandel der Jahreszeiten.<\/p>\n\n\n\n<div style=\"height:42px\" aria-hidden=\"true\" class=\"wp-block-spacer\"><\/div>\n\n\n\n<p>Im Rahmen des Projektes \u201eKinder st\u00e4rken 2.0\u201c bekommt unser Kindergarten zus\u00e4tzliche finanzielle Mittel, um eine Stelle f\u00fcr die Kita-Sozialarbeit zu finanzieren.<\/p>\n\n\n\n<p>Dadurch ist es uns m\u00f6glich, vielf\u00e4ltige Unterst\u00fctzungsangebote f\u00fcr einzelne Kinder oder Kindergruppen in unterschiedlichen Konstellationen anzubieten. Dazu geh\u00f6rt auch die Zusammenarbeit und die Unterst\u00fctzung der jeweiligen Gruppenerzieherin in herausfordernden Situationen. Auch die Kooperation mit Fr\u00fchf\u00f6rderstellen, \u00c4rzten und Helfersystemen, die damit im Zusammenhang stehen, geh\u00f6ren zum Arbeitsbereich der Kitasozialarbeit.<\/p>\n\n\n\n<p>Neben der Arbeit mit dem Kind ist ein weiterer Schwerpunkt die Bereitstellung von Beratungs- und Unterst\u00fctzungsangeboten f\u00fcr Eltern, die im Zusammenhang mit dem Aufwachsen und dem Wohl der Kinder stehen. Dazu z\u00e4hlt zum Beispiel die Kooperation mit Unterst\u00fctzungssystemen und \u00c4mtern und eine Zusammenarbeit mit den Fachkr\u00e4ften der Einrichtung zur Umsetzung von kind- und familienbezogenen Angeboten und Ma\u00dfnahmen.<\/p>\n\n\n\n<div class=\"wp-block-columns is-layout-flex wp-container-core-columns-is-layout-2 wp-block-columns-is-layout-flex\">\n<div class=\"wp-block-column is-layout-flow wp-block-column-is-layout-flow\" style=\"flex-basis:80%\">\n<p><strong><strong>Wir nehmen jedes Kind mit seinen eigenen St\u00e4rken und Schw\u00e4chen an und zeigen ihm, dass es gew\u00fcnscht und wunderbar gemacht ist.<\/strong><\/strong><\/p>\n\n\n\n<div class=\"wp-block-columns is-layout-flex wp-container-core-columns-is-layout-1 wp-block-columns-is-layout-flex\">\n<div class=\"wp-block-column is-layout-flow wp-block-column-is-layout-flow\" style=\"flex-basis:30%\"><div class=\"wp-block-image\">\n<figure class=\"alignleft size-full is-resized\"><img loading=\"lazy\" decoding=\"async\" src=\"https:\/\/www.petri-johannis-freiberg.de\/wp-content\/uploads\/Logo_KINDER-STAeRKEN-2.0_Vorhaben.png\" alt=\"\" class=\"wp-image-6573\" width=\"249\" height=\"172\" srcset=\"https:\/\/www.petri-johannis-freiberg.de\/wp-content\/uploads\/Logo_KINDER-STAeRKEN-2.0_Vorhaben.png 314w, https:\/\/www.petri-johannis-freiberg.de\/wp-content\/uploads\/Logo_KINDER-STAeRKEN-2.0_Vorhaben-300x207.png 300w\" sizes=\"auto, (max-width: 249px) 100vw, 249px\" \/><\/figure><\/div><\/div>\n\n\n\n<div class=\"wp-block-column is-layout-flow wp-block-column-is-layout-flow\">\n<div style=\"height:12px\" aria-hidden=\"true\" class=\"wp-block-spacer\"><\/div>\n\n\n<div class=\"wp-block-image\">\n<figure class=\"alignleft size-full is-resized\"><img loading=\"lazy\" decoding=\"async\" src=\"https:\/\/www.petri-johannis-freiberg.de\/wp-content\/uploads\/ESF_Kombination_EU-Logo_SachsenSignet-klassisch_HF_RGB_300dpi_cut_transparent-HG.png\" alt=\"\" class=\"wp-image-6574\" width=\"287\" height=\"108\" srcset=\"https:\/\/www.petri-johannis-freiberg.de\/wp-content\/uploads\/ESF_Kombination_EU-Logo_SachsenSignet-klassisch_HF_RGB_300dpi_cut_transparent-HG.png 1009w, https:\/\/www.petri-johannis-freiberg.de\/wp-content\/uploads\/ESF_Kombination_EU-Logo_SachsenSignet-klassisch_HF_RGB_300dpi_cut_transparent-HG-300x114.png 300w, https:\/\/www.petri-johannis-freiberg.de\/wp-content\/uploads\/ESF_Kombination_EU-Logo_SachsenSignet-klassisch_HF_RGB_300dpi_cut_transparent-HG-768x292.png 768w\" sizes=\"auto, (max-width: 287px) 100vw, 287px\" \/><\/figure><\/div><\/div>\n<\/div>\n<\/div>\n\n\n\n<div class=\"wp-block-column is-layout-flow wp-block-column-is-layout-flow\" style=\"flex-basis:20%\">\n<div style=\"height:25px\" aria-hidden=\"true\" class=\"wp-block-spacer\"><\/div>\n\n\n<div class=\"wp-block-image\">\n<figure class=\"alignright is-resized\"><img loading=\"lazy\" decoding=\"async\" src=\"http:\/\/johannis-freiberg.de\/wp-content\/uploads\/Kategorie_Daisy_600x600.jpg\" alt=\"\" class=\"wp-image-108\" width=\"209\" height=\"209\" srcset=\"https:\/\/www.petri-johannis-freiberg.de\/wp-content\/uploads\/Kategorie_Daisy_600x600.jpg 600w, https:\/\/www.petri-johannis-freiberg.de\/wp-content\/uploads\/Kategorie_Daisy_600x600-150x150.jpg 150w, https:\/\/www.petri-johannis-freiberg.de\/wp-content\/uploads\/Kategorie_Daisy_600x600-300x300.jpg 300w\" sizes=\"auto, (max-width: 209px) 100vw, 209px\" \/><figcaption class=\"wp-element-caption\"><a href=\"http:\/\/johannis-freiberg.de\/?page_id=51\">Leiterin Kerstin M\u00fcller<\/a><\/figcaption><\/figure><\/div><\/div>\n<\/div>\n\n\n\n<div style=\"height:30px\" aria-hidden=\"true\" class=\"wp-block-spacer\"><\/div>\n","protected":false},"excerpt":{"rendered":"<p>Bei uns sind alle Kinder Willkommen&nbsp;\u2013 unabh\u00e4ngig von Herkunft und Religion. Sie sollen bei uns einen Raum zum Spielen, Lernen, Entdecken und Forschen finden. Wir nehmen jedes Kind mit seinen eigenen St\u00e4rken und Schw\u00e4chen an und zeigen ihm, dass es gew\u00fcnscht, wertvoll und wunderbar gemacht ist. Gemeinsam mit den Kindern m\u00f6chten wir christliche Grundwerte erfahren&hellip;&nbsp;<a href=\"https:\/\/www.petri-johannis-freiberg.de\/?page_id=1213\" class=\"\" rel=\"bookmark\">Weiterlesen &raquo;<span class=\"screen-reader-text\">Evangelischer Kindergarten St. Johannis<\/span><\/a><\/p>\n","protected":false},"author":9,"featured_media":0,"parent":0,"menu_order":0,"comment_status":"closed","ping_status":"closed","template":"","meta":{"neve_meta_sidebar":"full-width","neve_meta_container":"","neve_meta_enable_content_width":"on","neve_meta_content_width":100,"neve_meta_title_alignment":"","neve_meta_author_avatar":"","neve_post_elements_order":"","neve_meta_disable_header":"","neve_meta_disable_footer":"","neve_meta_disable_title":"","footnotes":""},"class_list":["post-1213","page","type-page","status-publish","hentry"],"_links":{"self":[{"href":"https:\/\/www.petri-johannis-freiberg.de\/index.php?rest_route=\/wp\/v2\/pages\/1213","targetHints":{"allow":["GET"]}}],"collection":[{"href":"https:\/\/www.petri-johannis-freiberg.de\/index.php?rest_route=\/wp\/v2\/pages"}],"about":[{"href":"https:\/\/www.petri-johannis-freiberg.de\/index.php?rest_route=\/wp\/v2\/types\/page"}],"author":[{"embeddable":true,"href":"https:\/\/www.petri-johannis-freiberg.de\/index.php?rest_route=\/wp\/v2\/users\/9"}],"replies":[{"embeddable":true,"href":"https:\/\/www.petri-johannis-freiberg.de\/index.php?rest_route=%2Fwp%2Fv2%2Fcomments&post=1213"}],"version-history":[{"count":11,"href":"https:\/\/www.petri-johannis-freiberg.de\/index.php?rest_route=\/wp\/v2\/pages\/1213\/revisions"}],"predecessor-version":[{"id":6625,"href":"https:\/\/www.petri-johannis-freiberg.de\/index.php?rest_route=\/wp\/v2\/pages\/1213\/revisions\/6625"}],"wp:attachment":[{"href":"https:\/\/www.petri-johannis-freiberg.de\/index.php?rest_route=%2Fwp%2Fv2%2Fmedia&parent=1213"}],"curies":[{"name":"wp","href":"https:\/\/api.w.org\/{rel}","templated":true}]}}