{"id":291,"date":"2020-07-22T12:34:41","date_gmt":"2020-07-22T10:34:41","guid":{"rendered":"http:\/\/johannis-freiberg.de\/?page_id=291"},"modified":"2026-02-16T11:29:43","modified_gmt":"2026-02-16T10:29:43","slug":"tourismus","status":"publish","type":"page","link":"https:\/\/www.petri-johannis-freiberg.de\/?page_id=291","title":{"rendered":"Tourismus"},"content":{"rendered":"\n<p><strong>Petrikirche<\/strong><\/p>\n\n\n\n<p>Die Petrikirche ist ein Kirchgeb\u00e4ude im Weltkulturerbe \u201eMontanregion Erzgebirge\/Kru\u0161noho\u0159\u00ed \u201c, zu dem die gesamte Altstadt Freibergs geh\u00f6rt. Die Kirche zeugt als Stadt- und B\u00fcrgerkirche vom reichen Erbe dieser Region sowie von der engen Verbindung von Bergbau und H\u00fcttenwesen mit dem christlichem Glauben. Mehrfach dem Geschmack und den Bed\u00fcrfnissen der jeweiligen Zeit entsprechend umgebaut, pr\u00e4sentiert sich die Petrikirche heute als ein multifunktionales Gemeindezentrum mit einer modernen Ausgestaltung des Dresdner K\u00fcnstlers Friedrich Press. <\/p>\n\n\n\n<div class=\"wp-block-file\"><a id=\"wp-block-file--media-c1eb1a4e-d765-4924-b908-c5e47ca58141\" href=\"http:\/\/johannis-freiberg.de\/wp-content\/uploads\/auslageblatt_deutsch.pdf\">Informationsblatt zur Petrikirche<\/a><a href=\"http:\/\/johannis-freiberg.de\/wp-content\/uploads\/auslageblatt_deutsch.pdf\" class=\"wp-block-file__button wp-element-button\" download aria-describedby=\"wp-block-file--media-c1eb1a4e-d765-4924-b908-c5e47ca58141\">Herunterladen<\/a><\/div>\n\n\n\n<p><strong>Gottfried-Silbermann-Orgel von 1735<\/strong><\/p>\n\n\n\n<p>In der Petrikirche befindet sich die gr\u00f6\u00dfte zweimanualige Orgel von Gottfried Silbermann. Von Mai bis Ende Oktober k\u00f6nnen Besucher den Klang dieses wundervollen Instrumentes jeden Mittwoch um 12:00 Uhr im Rahmen der Mittagsmusik genie\u00dfen. F\u00fcr weitere Informationen oder Termine f\u00fcr eine Orgelf\u00fchrung wenden Sie sich bitte an unseren Kantor Clemens Lucke.<\/p>\n\n\n\n<div class=\"wp-block-file\"><a id=\"wp-block-file--media-f9cdfdb2-b608-46d4-a7ed-09c4531268d7\" href=\"http:\/\/johannis-freiberg.de\/wp-content\/uploads\/auslageblatt_silbermannorgel.pdf\">Informationsblatt zur Silbermannorgel<\/a><a href=\"http:\/\/johannis-freiberg.de\/wp-content\/uploads\/auslageblatt_silbermannorgel.pdf\" class=\"wp-block-file__button wp-element-button\" download aria-describedby=\"wp-block-file--media-f9cdfdb2-b608-46d4-a7ed-09c4531268d7\">Herunterladen<\/a><\/div>\n\n\n\n<p><strong>Offene Kirche<\/strong><\/p>\n\n\n\n<p>Die Petrikirche ist von Ostern bis Oktober von Montag bis Freitag von 11:00 bis 15:00 Uhr verl\u00e4sslich ge\u00f6ffnet, zur Besichtigung, zur Einkehr und zum Gebet. In der Winterkirche k\u00f6nnen Besucher regelm\u00e4\u00dfig wechselnde Ausstellungen erleben. <\/p>\n\n\n\n<p><strong>Petriturm<\/strong><\/p>\n\n\n\n<p>Der Ausblick vom Petriturm, dem h\u00f6chsten Turm der Stadt, ist einfach \u00fcberw\u00e4ltigend. Daher bieten wir <a href=\"https:\/\/www.petri-johannis-freiberg.de\/wp-content\/uploads\/oeffungszeiten_petriturm_urlaub_2022.pdf\">regelm\u00e4\u00dfig Turmf\u00fchrungen<\/a> an. <\/p>\n\n\n\n<div class=\"wp-block-file\"><a id=\"wp-block-file--media-b0cce7dd-c1db-4b74-b26a-0a93a5062e7a\" href=\"http:\/\/johannis-freiberg.de\/wp-content\/uploads\/auslageblatt_turm.pdf\">Informationsblatt zum Petriturm<\/a><a href=\"http:\/\/johannis-freiberg.de\/wp-content\/uploads\/auslageblatt_turm.pdf\" class=\"wp-block-file__button wp-element-button\" download aria-describedby=\"wp-block-file--media-b0cce7dd-c1db-4b74-b26a-0a93a5062e7a\">Herunterladen<\/a><\/div>\n\n\n\n<p><\/p>\n\n\n\n\n","protected":false},"excerpt":{"rendered":"<p>Petrikirche Die Petrikirche ist ein Kirchgeb\u00e4ude im Weltkulturerbe \u201eMontanregion Erzgebirge\/Kru\u0161noho\u0159\u00ed \u201c, zu dem die gesamte Altstadt Freibergs geh\u00f6rt. Die Kirche zeugt als Stadt- und B\u00fcrgerkirche vom reichen Erbe dieser Region sowie von der engen Verbindung von Bergbau und H\u00fcttenwesen mit dem christlichem Glauben. Mehrfach dem Geschmack und den Bed\u00fcrfnissen der jeweiligen Zeit entsprechend umgebaut, pr\u00e4sentiert&hellip;&nbsp;<a href=\"https:\/\/www.petri-johannis-freiberg.de\/?page_id=291\" class=\"\" rel=\"bookmark\">Weiterlesen &raquo;<span class=\"screen-reader-text\">Tourismus<\/span><\/a><\/p>\n","protected":false},"author":1,"featured_media":0,"parent":0,"menu_order":0,"comment_status":"closed","ping_status":"closed","template":"","meta":{"neve_meta_sidebar":"full-width","neve_meta_container":"","neve_meta_enable_content_width":"on","neve_meta_content_width":100,"neve_meta_title_alignment":"","neve_meta_author_avatar":"","neve_post_elements_order":"","neve_meta_disable_header":"","neve_meta_disable_footer":"","neve_meta_disable_title":"","footnotes":""},"class_list":["post-291","page","type-page","status-publish","hentry"],"_links":{"self":[{"href":"https:\/\/www.petri-johannis-freiberg.de\/index.php?rest_route=\/wp\/v2\/pages\/291","targetHints":{"allow":["GET"]}}],"collection":[{"href":"https:\/\/www.petri-johannis-freiberg.de\/index.php?rest_route=\/wp\/v2\/pages"}],"about":[{"href":"https:\/\/www.petri-johannis-freiberg.de\/index.php?rest_route=\/wp\/v2\/types\/page"}],"author":[{"embeddable":true,"href":"https:\/\/www.petri-johannis-freiberg.de\/index.php?rest_route=\/wp\/v2\/users\/1"}],"replies":[{"embeddable":true,"href":"https:\/\/www.petri-johannis-freiberg.de\/index.php?rest_route=%2Fwp%2Fv2%2Fcomments&post=291"}],"version-history":[{"count":21,"href":"https:\/\/www.petri-johannis-freiberg.de\/index.php?rest_route=\/wp\/v2\/pages\/291\/revisions"}],"predecessor-version":[{"id":6922,"href":"https:\/\/www.petri-johannis-freiberg.de\/index.php?rest_route=\/wp\/v2\/pages\/291\/revisions\/6922"}],"wp:attachment":[{"href":"https:\/\/www.petri-johannis-freiberg.de\/index.php?rest_route=%2Fwp%2Fv2%2Fmedia&parent=291"}],"curies":[{"name":"wp","href":"https:\/\/api.w.org\/{rel}","templated":true}]}}